{"id":3870,"date":"2023-03-21T09:05:20","date_gmt":"2023-03-21T09:05:20","guid":{"rendered":"https:\/\/www.hauswirth-kleiber.at\/imprint\/"},"modified":"2024-12-12T14:39:35","modified_gmt":"2024-12-12T14:39:35","slug":"imprint","status":"publish","type":"page","link":"https:\/\/www.hauswirth-kleiber.at\/en\/imprint\/","title":{"rendered":"Imprint"},"content":{"rendered":"\n<p>Disclosure pursuant to \u00a7 5 E-Commerce Act and \u00a7 25 Media Act<\/p>\n\n<p><strong>Hauswirth-Kleiber Rechtsanw\u00e4lte OG, media owner and publisher<\/strong><br\/>Heiligenst\u00e4dter Stra\u00dfe 28\/3<br\/>A-1190 Vienna<\/p>\n\n<p>FN: 369332 k, HG Vienna<br\/>UID: ATU 66715628<br\/>Attorney code: P111744<\/p>\n\n<p>T. +43 1 369 17 69<br\/>F. +43 1 369 17 69 &#8211; 33<br\/><a href=\"mailto:office@hauswirth-kleiber.at\">office@hauswirth-kleiber.at<\/a><\/p>\n\n<p><strong>Partners:<\/strong><br\/>Dr. Julia Hauswirth-Kleiber, Attorney at Law (R 160745)<br\/>Peter Hauswirth, Attorney at Law (R 159478)<br\/>Business purpose: Law firm<br\/>Website page line: Information about the law firm Hauswirth-Kleiber Rechtsanw\u00e4lte OG and its legal services<\/p>\n\n<p>Hauswirth-Kleiber Rechtsanw\u00e4lte OG is a member of the Vienna Bar Association. We are lawyers under Austrian law and are subject to the professional code of conduct for lawyers, available at www.oerak.at and the supervision of the Vienna Bar Association.<\/p>\n\n<p>The images, texts and logos used on the website are the property of Hauswirth-Kleiber Rechtsanw\u00e4lte OG and are protected by copyright.<\/p>\n\n<p>Webdesign: <a href=\"https:\/\/qlp.at\" data-type=\"URL\" data-id=\"https:\/\/qlp.at\" target=\"_blank\" rel=\"noreferrer noopener nofollow\">qlp<\/a><br\/>Photos: Milena Krobath<\/p>\n","protected":false},"excerpt":{"rendered":"<p>Disclosure pursuant to \u00a7 5 E-Commerce Act and \u00a7 25 Media Act Hauswirth-Kleiber Rechtsanw\u00e4lte OG, media owner and publisherHeiligenst\u00e4dter Stra\u00dfe 28\/3A-1190 Vienna FN: 369332 k, HG ViennaUID: ATU 66715628Attorney code: P111744 T. +43 1 369 17 69F. +43 1 369 17 69 &#8211; 33office@hauswirth-kleiber.at Partners:Dr. Julia Hauswirth-Kleiber, Attorney at Law (R 160745)Peter Hauswirth, Attorney at [&hellip;]<\/p>\n","protected":false},"author":1,"featured_media":0,"parent":0,"menu_order":0,"comment_status":"closed","ping_status":"closed","template":"","meta":{"_acf_changed":false,"footnotes":""},"class_list":["post-3870","page","type-page","status-publish","hentry"],"acf":[],"_links":{"self":[{"href":"https:\/\/www.hauswirth-kleiber.at\/en\/wp-json\/wp\/v2\/pages\/3870","targetHints":{"allow":["GET"]}}],"collection":[{"href":"https:\/\/www.hauswirth-kleiber.at\/en\/wp-json\/wp\/v2\/pages"}],"about":[{"href":"https:\/\/www.hauswirth-kleiber.at\/en\/wp-json\/wp\/v2\/types\/page"}],"author":[{"embeddable":true,"href":"https:\/\/www.hauswirth-kleiber.at\/en\/wp-json\/wp\/v2\/users\/1"}],"replies":[{"embeddable":true,"href":"https:\/\/www.hauswirth-kleiber.at\/en\/wp-json\/wp\/v2\/comments?post=3870"}],"version-history":[{"count":1,"href":"https:\/\/www.hauswirth-kleiber.at\/en\/wp-json\/wp\/v2\/pages\/3870\/revisions"}],"predecessor-version":[{"id":3871,"href":"https:\/\/www.hauswirth-kleiber.at\/en\/wp-json\/wp\/v2\/pages\/3870\/revisions\/3871"}],"wp:attachment":[{"href":"https:\/\/www.hauswirth-kleiber.at\/en\/wp-json\/wp\/v2\/media?parent=3870"}],"curies":[{"name":"wp","href":"https:\/\/api.w.org\/{rel}","templated":true}]}}